{"id":13,"date":"2015-09-03T16:29:16","date_gmt":"2015-09-03T14:29:16","guid":{"rendered":"http:\/\/paternoster.elji.info\/?page_id=13"},"modified":"2015-09-03T16:29:16","modified_gmt":"2015-09-03T14:29:16","slug":"historia","status":"publish","type":"page","link":"https:\/\/paternoster-fyren.com\/index.php\/historia\/","title":{"rendered":"Historia"},"content":{"rendered":"<p>\t\t\t\tP\u00e5 v\u00e4stkusten utgjorde Paternostersk\u00e4ren utanf\u00f6r Marstrand en st\u00e4ndig orok\u00e4lla f\u00f6r de sj\u00f6farande. Planerna p\u00e5 att bygga en fyr hade funnits l\u00e4nge och aktualiserades under 1750-talet. F\u00f6rst planerades en fyr ute i sk\u00e4rg\u00e5rden men \u00e4rendet drog ut p\u00e5 tiden och under 1770-talet \u00e4ndrades planerna och fyren skulle ist\u00e4llet byggas p\u00e5 Carlstens f\u00e4stning.<\/p>\n<p>\u00c5r 1779 uppgjordes ritningar och kostnadsf\u00f6rslag av Carl Wijnblad och 1781 t\u00e4ndes den nya fyren uppe p\u00e5 f\u00e4stningstornet. Med anledning av f\u00e4stningens h\u00f6jd r\u00e4ckte det med ett litet, runt torn av tegel med en inv\u00e4ndig tr\u00e4konstruktion som bar upp en tr\u00e4lanternin kr\u00f6nt av ett klot, en spira och en vimpel.<\/p>\n<p>Jonas Norberg, som tidigare konstruerat spegelapparaten i Kors\u00f6 fyr, skapade h\u00e4r v\u00e4rldens f\u00f6rsta roterande spegelapparat. Den bestod av sex speglar med lika m\u00e5nga lampor som drogs runt av ett urverk. Som lys\u00e4mne till lamporna anv\u00e4ndes silltran.<\/p>\n<hr align=\"center\" width=\"70%\" \/>\n<p align=\"center\"><img loading=\"lazy\" decoding=\"async\" class=\"aligncenter wp-image-161 size-full\" src=\"http:\/\/paternoster-fyren.com\/wp-content\/uploads\/2015\/09\/carlsten.jpg\" alt=\"carlsten\" width=\"400\" height=\"443\" srcset=\"https:\/\/paternoster-fyren.com\/wp-content\/uploads\/2015\/09\/carlsten.jpg 400w, https:\/\/paternoster-fyren.com\/wp-content\/uploads\/2015\/09\/carlsten-271x300.jpg 271w\" sizes=\"auto, (max-width: 400px) 100vw, 400px\" \/><br \/>\n<em>K\u00e4lla: Sveriges fyrplatser<\/em><\/p>\n<p align=\"left\">P\u00e5 grund av att dimma och l\u00e5gt liggande moln ibland skymde fyrljuset sl\u00e4cktes fyren p\u00e5 Carlstens f\u00e4stning och tornet togs ner.<br \/>\nEn ny fyr planerades p\u00e5 Hamnesk\u00e4r\/Paternostersk\u00e4ren..<\/p>\n<p align=\"left\">Paternostersk\u00e4ren utanf\u00f6r Marstrand har i alla tider av sj\u00f6farande betraktats som mycket riskfyllda.<\/p>\n<p align=\"left\">Namnet &#8221;Pater Noster&#8221; , som betyder &#8221;Fader V\u00e5r&#8221; , kan ha sitt ursprung i de b\u00f6ner som sj\u00f6farande bad f\u00f6r att klara dessa sk\u00e4r och grynnor.<\/p>\n<p align=\"left\">Kungliga brev fr\u00e5n b\u00f6rjan av 1700-talet talar om behovet av en fyr i dessa farvatten eftersom fyrplatsen p\u00e5 Carlstens f\u00e4stning inte h\u00f6ll sina m\u00e5tt fick &#8221;Heidenstammaren &#8221;Pater Noster sin plats p\u00e5 Hamnesk\u00e4r.<\/p>\n<p align=\"left\">Pater Noster ligger p\u00e5 \u00f6ns nordv\u00e4st-sida och i direkt anslutning finns en f d fotogenbod och ett mistsignaleringshus.<br \/>\nFyrtornet uppf\u00f6rdes under tiden 13 juli till 9 september 1868.<\/p>\n<p><strong>Konstruktionen<br \/>\n<\/strong><a href=\"http:\/\/paternoster-fyren.com\/wp-content\/uploads\/2015\/09\/paterkonstruktiontm.jpg\"><img loading=\"lazy\" decoding=\"async\" class=\"wp-image-162 size-full alignright\" src=\"http:\/\/paternoster-fyren.com\/wp-content\/uploads\/2015\/09\/paterkonstruktiontm.jpg\" alt=\"paterkonstruktiontm\" width=\"200\" height=\"133\" \/><\/a>Fyrtornet \u00e4r uppf\u00f6rt helt i j\u00e4rn och reser sig 32 meter och h\u00f6jden \u00f6ver havet \u00e4r 35,6 meter.<br \/>\nKonstruktionen utg\u00f6rs av en mittpelare st\u00f6ttad av grova j\u00e4rnst\u00e4nger som h\u00e5lls ihop av ett system av vertikala och horisontala balkar och f\u00f6rband. F\u00f6r att ytterligare staga konstruktionen h\u00e5lls sektionerna ihop av diagonala krysstag.<\/p>\n<p><strong>Design<br \/>\n<\/strong>Lanterninen \u00e4r vitm\u00e5lad med ett kupoltak avslutad i en knopp. Stor vikt har lagts vid ornamentiken. I takfrisen under kupoltaket sitter gjutna lejonhuvud i j\u00e4rn.<\/p>\n<p>Fyraltanen har en konstfullt genombruten golvlist och b\u00e4rs upp av sm\u00e4ckert ornamenterade konsoler i j\u00e4rn. Fr\u00e5n fyraltanen leder en trappa ner till en balkong, \u00e4ven den med ett sirligt genombrutet j\u00e4rnr\u00e4cke.\t\t<\/p>\n","protected":false},"excerpt":{"rendered":"<p>P\u00e5 v\u00e4stkusten utgjorde Paternostersk\u00e4ren utanf\u00f6r Marstrand en st\u00e4ndig orok\u00e4lla f\u00f6r de sj\u00f6farande. Planerna p\u00e5 att bygga en fyr hade funnits l\u00e4nge och aktualiserades under 1750-talet. F\u00f6rst planerades en fyr ute i sk\u00e4rg\u00e5rden men \u00e4rendet drog ut p\u00e5 tiden och under 1770-talet \u00e4ndrades planerna och fyren skulle ist\u00e4llet byggas p\u00e5 Carlstens f\u00e4stning. \u00c5r 1779 uppgjordes ritningar &hellip; <a href=\"https:\/\/paternoster-fyren.com\/index.php\/historia\/\" class=\"more-link\">Forts\u00e4tt l\u00e4sa <span class=\"screen-reader-text\">Historia<\/span> <span class=\"meta-nav\">&rarr;<\/span><\/a><\/p>\n","protected":false},"author":1,"featured_media":0,"parent":0,"menu_order":0,"comment_status":"closed","ping_status":"closed","template":"","meta":{"footnotes":""},"class_list":["post-13","page","type-page","status-publish","hentry"],"aioseo_notices":[],"_links":{"self":[{"href":"https:\/\/paternoster-fyren.com\/index.php\/wp-json\/wp\/v2\/pages\/13","targetHints":{"allow":["GET"]}}],"collection":[{"href":"https:\/\/paternoster-fyren.com\/index.php\/wp-json\/wp\/v2\/pages"}],"about":[{"href":"https:\/\/paternoster-fyren.com\/index.php\/wp-json\/wp\/v2\/types\/page"}],"author":[{"embeddable":true,"href":"https:\/\/paternoster-fyren.com\/index.php\/wp-json\/wp\/v2\/users\/1"}],"replies":[{"embeddable":true,"href":"https:\/\/paternoster-fyren.com\/index.php\/wp-json\/wp\/v2\/comments?post=13"}],"version-history":[{"count":0,"href":"https:\/\/paternoster-fyren.com\/index.php\/wp-json\/wp\/v2\/pages\/13\/revisions"}],"wp:attachment":[{"href":"https:\/\/paternoster-fyren.com\/index.php\/wp-json\/wp\/v2\/media?parent=13"}],"curies":[{"name":"wp","href":"https:\/\/api.w.org\/{rel}","templated":true}]}}